{"id":1050,"date":"2023-09-18T11:22:02","date_gmt":"2023-09-18T11:22:02","guid":{"rendered":"https:\/\/agrodjole.rs\/?page_id=1050"},"modified":"2023-09-18T11:22:02","modified_gmt":"2023-09-18T11:22:02","slug":"politika-privatnosti","status":"publish","type":"page","link":"https:\/\/agrodjole.rs\/index.php\/politika-privatnosti\/","title":{"rendered":"Politika privatnosti"},"content":{"rendered":"<p style=\"font-weight: 400;\">Mi u\u00a0<strong>Agro-\u0111ole doo Jagodina<\/strong>\u00a0cenimo Va\u0161u privatnost, zato o Va\u0161im podacima izuzetno pa\u017eljivo brinemo.<\/p>\n<p style=\"font-weight: 400;\">Sve posredovane informacije su sigurne, ne\u0107emo ih ni pod kojim uslovima ustupati tre\u0107em licu, \u0161to Vam osigurava potpuno sigurno i bezbedno poslovanje i saradnju sa kompanijom\u00a0<strong>Agro-\u0111ole doo Jagodina.<\/strong><\/p>\n<p style=\"font-weight: 400;\"><strong>Za\u0161tita privatnosti podataka<\/strong><\/p>\n<p style=\"font-weight: 400;\">Da bismo uspe\u0161no obradili Va\u0161u poruku ili pitanje potrebni su nam Va\u0161e ime i prezime, adresa, e-mail i telefon, a u slu\u010daju B2B i naziv kompanije. Uz pomo\u0107 tih podataka bi\u0107emo u mogu\u0107nosti da Vam damo potpun odgovor.<\/p>\n<p style=\"font-weight: 400;\">Va\u0161e li\u010dne podatke \u0107emo koristiti isklju\u010divo u svrhe tehni\u010dke administracije web sajta, kako bi vam dala pristup posebnim informacijama ili za komunikaciju sa vama.\u00a0<strong>Agro-\u0111ole doo Jagodina<\/strong>\u00a0ne\u0107e prodati podatke koje poseduje tre\u0107im licima, niti na tr\u017ei\u0161tu. Zaposleni u kompaniji Agro-\u0111ole doo Jagodina\u00a0 su obavezni da po\u0161tuju poverljivost Va\u0161ih podataka.<\/p>\n<p style=\"font-weight: 400;\">Nikada i ni na koji na\u010din ne\u0107emo zloupotrebiti Va\u0161e privatne informacije.<\/p>\n<p style=\"font-weight: 400;\">Ne\u0107emo predati Va\u0161e podatke za kontakt tre\u0107im licima, sem ukoliko se to od nas bude zahtevalo zakonom.<\/p>\n<p style=\"font-weight: 400;\"><strong>Cookies<\/strong><\/p>\n<p style=\"font-weight: 400;\"><strong>Agro-\u0111ole doo Jagodina<\/strong>\u00a0koristi \u201ecookies\u201c da Vam pomogne da prilagodite kori\u0161\u0107enje interneta Va\u0161im potrebama.<\/p>\n<p style=\"font-weight: 400;\">Cookie je tekstualni fajl koji je sme\u0161ten na Va\u0161em hard disku od strane web servera. Cookie-ji ne mogu biti kori\u0161\u0107eni da pokrenu program ili da isporu\u010de virus Va\u0161em ra\u010dunaru.<\/p>\n<p style=\"font-weight: 400;\">Cookie-i su jedinstveno dodeljeni Vama, i jedino mogu biti pro\u010ditani od strane web servera u domenu koji Vam ih je poslao. Jedna od osnovnih svrha cookie-ja je da obezbedi pogodnosti koje \u0107e Vam u\u0161tedeti vreme.<\/p>\n<p style=\"font-weight: 400;\"><strong>Saglasnost i promena uslova<\/strong><\/p>\n<p style=\"font-weight: 400;\">Kori\u0161\u0107enje na\u0161ih servisa podrazumeva saglasnost korisnika sa navedenim uslovima kori\u0161\u0107enja.\u00a0<strong>Agro-\u0111ole doo Jagodina\u00a0<\/strong>se obavezuje da \u0107e se pridr\u017eavati svega navedenog, a sve promene uslova postaju va\u017ee\u0107e tek nakon objavljivanja na ovoj strani i slanja e-mail obave\u0161tenja svim registrovanim korisnicima.<\/p>\n","protected":false},"excerpt":{"rendered":"<p>Mi u\u00a0Agro-\u0111ole doo Jagodina\u00a0cenimo Va\u0161u privatnost, zato o Va\u0161im podacima izuzetno pa\u017eljivo brinemo. Sve posredovane informacije su sigurne, ne\u0107emo ih ni pod kojim uslovima ustupati tre\u0107em licu, \u0161to Vam osigurava potpuno sigurno i bezbedno poslovanje i saradnju sa kompanijom\u00a0Agro-\u0111ole doo Jagodina. Za\u0161tita privatnosti podataka Da bismo uspe\u0161no obradili Va\u0161u poruku ili pitanje potrebni su nam &hellip;<\/p>\n<p class=\"read-more\"> <a class=\"\" href=\"https:\/\/agrodjole.rs\/index.php\/politika-privatnosti\/\"> <span class=\"screen-reader-text\">Politika privatnosti<\/span> Read More &raquo;<\/a><\/p>\n","protected":false},"author":1,"featured_media":0,"parent":0,"menu_order":0,"comment_status":"closed","ping_status":"closed","template":"","meta":{"site-sidebar-layout":"default","site-content-layout":"default","ast-global-header-display":"","ast-main-header-display":"","ast-hfb-above-header-display":"","ast-hfb-below-header-display":"","ast-hfb-mobile-header-display":"","site-post-title":"","ast-breadcrumbs-content":"","ast-featured-img":"","footer-sml-layout":"","theme-transparent-header-meta":"default","adv-header-id-meta":"","stick-header-meta":"","header-above-stick-meta":"","header-main-stick-meta":"","header-below-stick-meta":"","footnotes":""},"class_list":["post-1050","page","type-page","status-publish","hentry"],"yoast_head":"<!-- This site is optimized with the Yoast SEO plugin v21.3 - https:\/\/yoast.com\/wordpress\/plugins\/seo\/ -->\n<title>Politika privatnosti - Agro Djole<\/title>\n<meta name=\"robots\" content=\"index, follow, max-snippet:-1, max-image-preview:large, max-video-preview:-1\" \/>\n<link rel=\"canonical\" href=\"https:\/\/agrodjole.rs\/index.php\/politika-privatnosti\/\" \/>\n<meta property=\"og:locale\" content=\"en_US\" \/>\n<meta property=\"og:type\" content=\"article\" \/>\n<meta property=\"og:title\" content=\"Politika privatnosti - Agro Djole\" \/>\n<meta property=\"og:description\" content=\"Mi u\u00a0Agro-\u0111ole doo Jagodina\u00a0cenimo Va\u0161u privatnost, zato o Va\u0161im podacima izuzetno pa\u017eljivo brinemo. Sve posredovane informacije su sigurne, ne\u0107emo ih ni pod kojim uslovima ustupati tre\u0107em licu, \u0161to Vam osigurava potpuno sigurno i bezbedno poslovanje i saradnju sa kompanijom\u00a0Agro-\u0111ole doo Jagodina. Za\u0161tita privatnosti podataka Da bismo uspe\u0161no obradili Va\u0161u poruku ili pitanje potrebni su nam &hellip; Politika privatnosti Read More &raquo;\" \/>\n<meta property=\"og:url\" content=\"https:\/\/agrodjole.rs\/index.php\/politika-privatnosti\/\" \/>\n<meta property=\"og:site_name\" content=\"Agro Djole\" \/>\n<meta property=\"article:publisher\" content=\"https:\/\/www.facebook.com\/eggijaje\" \/>\n<meta name=\"twitter:card\" content=\"summary_large_image\" \/>\n<meta name=\"twitter:label1\" content=\"Est. reading time\" \/>\n\t<meta name=\"twitter:data1\" content=\"2 minutes\" \/>\n<script type=\"application\/ld+json\" class=\"yoast-schema-graph\">{\"@context\":\"https:\/\/schema.org\",\"@graph\":[{\"@type\":\"WebPage\",\"@id\":\"https:\/\/agrodjole.rs\/index.php\/politika-privatnosti\/\",\"url\":\"https:\/\/agrodjole.rs\/index.php\/politika-privatnosti\/\",\"name\":\"Politika privatnosti - Agro Djole\",\"isPartOf\":{\"@id\":\"https:\/\/agrodjole.rs\/#website\"},\"datePublished\":\"2023-09-18T11:22:02+00:00\",\"dateModified\":\"2023-09-18T11:22:02+00:00\",\"breadcrumb\":{\"@id\":\"https:\/\/agrodjole.rs\/index.php\/politika-privatnosti\/#breadcrumb\"},\"inLanguage\":\"en-US\",\"potentialAction\":[{\"@type\":\"ReadAction\",\"target\":[\"https:\/\/agrodjole.rs\/index.php\/politika-privatnosti\/\"]}]},{\"@type\":\"BreadcrumbList\",\"@id\":\"https:\/\/agrodjole.rs\/index.php\/politika-privatnosti\/#breadcrumb\",\"itemListElement\":[{\"@type\":\"ListItem\",\"position\":1,\"name\":\"Home\",\"item\":\"https:\/\/agrodjole.rs\/\"},{\"@type\":\"ListItem\",\"position\":2,\"name\":\"Politika privatnosti\"}]},{\"@type\":\"WebSite\",\"@id\":\"https:\/\/agrodjole.rs\/#website\",\"url\":\"https:\/\/agrodjole.rs\/\",\"name\":\"agrodjole.rs\",\"description\":\"Jaja koja svi vole\",\"publisher\":{\"@id\":\"https:\/\/agrodjole.rs\/#organization\"},\"potentialAction\":[{\"@type\":\"SearchAction\",\"target\":{\"@type\":\"EntryPoint\",\"urlTemplate\":\"https:\/\/agrodjole.rs\/?s={search_term_string}\"},\"query-input\":\"required name=search_term_string\"}],\"inLanguage\":\"en-US\"},{\"@type\":\"Organization\",\"@id\":\"https:\/\/agrodjole.rs\/#organization\",\"name\":\"agrodjole.rs\",\"url\":\"https:\/\/agrodjole.rs\/\",\"logo\":{\"@type\":\"ImageObject\",\"inLanguage\":\"en-US\",\"@id\":\"https:\/\/agrodjole.rs\/#\/schema\/logo\/image\/\",\"url\":\"https:\/\/agrodjole.rs\/wp-content\/uploads\/2023\/04\/agrdj-logo-m.png\",\"contentUrl\":\"https:\/\/agrodjole.rs\/wp-content\/uploads\/2023\/04\/agrdj-logo-m.png\",\"width\":500,\"height\":157,\"caption\":\"agrodjole.rs\"},\"image\":{\"@id\":\"https:\/\/agrodjole.rs\/#\/schema\/logo\/image\/\"},\"sameAs\":[\"https:\/\/www.facebook.com\/eggijaje\",\"https:\/\/instagram.com\/eggijaja\"]}]}<\/script>\n<!-- \/ Yoast SEO plugin. -->","yoast_head_json":{"title":"Politika privatnosti - Agro Djole","robots":{"index":"index","follow":"follow","max-snippet":"max-snippet:-1","max-image-preview":"max-image-preview:large","max-video-preview":"max-video-preview:-1"},"canonical":"https:\/\/agrodjole.rs\/index.php\/politika-privatnosti\/","og_locale":"en_US","og_type":"article","og_title":"Politika privatnosti - Agro Djole","og_description":"Mi u\u00a0Agro-\u0111ole doo Jagodina\u00a0cenimo Va\u0161u privatnost, zato o Va\u0161im podacima izuzetno pa\u017eljivo brinemo. Sve posredovane informacije su sigurne, ne\u0107emo ih ni pod kojim uslovima ustupati tre\u0107em licu, \u0161to Vam osigurava potpuno sigurno i bezbedno poslovanje i saradnju sa kompanijom\u00a0Agro-\u0111ole doo Jagodina. Za\u0161tita privatnosti podataka Da bismo uspe\u0161no obradili Va\u0161u poruku ili pitanje potrebni su nam &hellip; Politika privatnosti Read More &raquo;","og_url":"https:\/\/agrodjole.rs\/index.php\/politika-privatnosti\/","og_site_name":"Agro Djole","article_publisher":"https:\/\/www.facebook.com\/eggijaje","twitter_card":"summary_large_image","twitter_misc":{"Est. reading time":"2 minutes"},"schema":{"@context":"https:\/\/schema.org","@graph":[{"@type":"WebPage","@id":"https:\/\/agrodjole.rs\/index.php\/politika-privatnosti\/","url":"https:\/\/agrodjole.rs\/index.php\/politika-privatnosti\/","name":"Politika privatnosti - Agro Djole","isPartOf":{"@id":"https:\/\/agrodjole.rs\/#website"},"datePublished":"2023-09-18T11:22:02+00:00","dateModified":"2023-09-18T11:22:02+00:00","breadcrumb":{"@id":"https:\/\/agrodjole.rs\/index.php\/politika-privatnosti\/#breadcrumb"},"inLanguage":"en-US","potentialAction":[{"@type":"ReadAction","target":["https:\/\/agrodjole.rs\/index.php\/politika-privatnosti\/"]}]},{"@type":"BreadcrumbList","@id":"https:\/\/agrodjole.rs\/index.php\/politika-privatnosti\/#breadcrumb","itemListElement":[{"@type":"ListItem","position":1,"name":"Home","item":"https:\/\/agrodjole.rs\/"},{"@type":"ListItem","position":2,"name":"Politika privatnosti"}]},{"@type":"WebSite","@id":"https:\/\/agrodjole.rs\/#website","url":"https:\/\/agrodjole.rs\/","name":"agrodjole.rs","description":"Jaja koja svi vole","publisher":{"@id":"https:\/\/agrodjole.rs\/#organization"},"potentialAction":[{"@type":"SearchAction","target":{"@type":"EntryPoint","urlTemplate":"https:\/\/agrodjole.rs\/?s={search_term_string}"},"query-input":"required name=search_term_string"}],"inLanguage":"en-US"},{"@type":"Organization","@id":"https:\/\/agrodjole.rs\/#organization","name":"agrodjole.rs","url":"https:\/\/agrodjole.rs\/","logo":{"@type":"ImageObject","inLanguage":"en-US","@id":"https:\/\/agrodjole.rs\/#\/schema\/logo\/image\/","url":"https:\/\/agrodjole.rs\/wp-content\/uploads\/2023\/04\/agrdj-logo-m.png","contentUrl":"https:\/\/agrodjole.rs\/wp-content\/uploads\/2023\/04\/agrdj-logo-m.png","width":500,"height":157,"caption":"agrodjole.rs"},"image":{"@id":"https:\/\/agrodjole.rs\/#\/schema\/logo\/image\/"},"sameAs":["https:\/\/www.facebook.com\/eggijaje","https:\/\/instagram.com\/eggijaja"]}]}},"_links":{"self":[{"href":"https:\/\/agrodjole.rs\/index.php\/wp-json\/wp\/v2\/pages\/1050","targetHints":{"allow":["GET"]}}],"collection":[{"href":"https:\/\/agrodjole.rs\/index.php\/wp-json\/wp\/v2\/pages"}],"about":[{"href":"https:\/\/agrodjole.rs\/index.php\/wp-json\/wp\/v2\/types\/page"}],"author":[{"embeddable":true,"href":"https:\/\/agrodjole.rs\/index.php\/wp-json\/wp\/v2\/users\/1"}],"replies":[{"embeddable":true,"href":"https:\/\/agrodjole.rs\/index.php\/wp-json\/wp\/v2\/comments?post=1050"}],"version-history":[{"count":1,"href":"https:\/\/agrodjole.rs\/index.php\/wp-json\/wp\/v2\/pages\/1050\/revisions"}],"predecessor-version":[{"id":1051,"href":"https:\/\/agrodjole.rs\/index.php\/wp-json\/wp\/v2\/pages\/1050\/revisions\/1051"}],"wp:attachment":[{"href":"https:\/\/agrodjole.rs\/index.php\/wp-json\/wp\/v2\/media?parent=1050"}],"curies":[{"name":"wp","href":"https:\/\/api.w.org\/{rel}","templated":true}]}}